{"id":836,"date":"2021-08-18T06:42:11","date_gmt":"2021-08-18T06:42:11","guid":{"rendered":"https:\/\/ciamporcero-avocat.fr\/index.php\/practice-areas\/"},"modified":"2023-12-13T16:53:58","modified_gmt":"2023-12-13T15:53:58","slug":"practice-areas","status":"publish","type":"page","link":"https:\/\/ciamporcero-avocat.fr\/index.php\/practice-areas\/","title":{"rendered":"Honoraires"},"content":{"rendered":"\n<div class=\"wp-block-uagb-container uagb-block-49d17bf2 alignfull uagb-is-root-container\"><div class=\"uagb-container-inner-blocks-wrap\">\n<div class=\"wp-block-uagb-info-box uagb-block-441dcefd uagb-infobox__content-wrap  uagb-infobox-icon-above-title uagb-infobox-image-valign-top\"><div class=\"uagb-ifb-content\"><div class=\"uagb-ifb-title-wrap\"><div class=\"uagb-ifb-separator\"><\/div><h1 class=\"uagb-ifb-title\">Honoraires<\/h1><\/div><\/div><\/div>\n<\/div><\/div>\n\n\n\n<div class=\"wp-block-uagb-info-box uagb-block-fb3f8749 uagb-infobox__content-wrap  uagb-infobox-icon-above-title uagb-infobox-image-valign-top\"><div class=\"uagb-ifb-content\"><div class=\"uagb-ifb-title-wrap\"><div class=\"uagb-ifb-separator\"><\/div><h2 class=\"uagb-ifb-title\"><br>L&#8217;honoraire de l&#8217;Avocat : <br>Pr\u00e9visible et d\u00e9termin\u00e9 en amont<\/h2><\/div><\/div><\/div>\n\n\n\n<div class=\"wp-block-uagb-container uagb-block-beb3ac1d alignfull uagb-is-root-container\"><div class=\"uagb-container-inner-blocks-wrap\">\n<div class=\"wp-block-uagb-container uagb-block-8c2eeb09\">\n<div class=\"wp-block-uagb-container uagb-block-b17750bc\">\n<div class=\"wp-block-uagb-info-box uagb-block-3e20adad uagb-infobox__content-wrap  uagb-infobox-icon-above-title uagb-infobox-image-valign-top\"><div class=\"uagb-ifb-content\"><div class=\"uagb-ifb-icon-wrap\"><svg xmlns=\"https:\/\/www.w3.org\/2000\/svg\" viewBox=\"0 0 384 512\"><path d=\"M256 0v128h128L256 0zM224 128L224 0H48C21.49 0 0 21.49 0 48v416C0 490.5 21.49 512 48 512h288c26.51 0 48-21.49 48-48V160h-127.1C238.3 160 224 145.7 224 128zM64 72C64 67.63 67.63 64 72 64h80C156.4 64 160 67.63 160 72v16C160 92.38 156.4 96 152 96h-80C67.63 96 64 92.38 64 88V72zM64 136C64 131.6 67.63 128 72 128h80C156.4 128 160 131.6 160 136v16C160 156.4 156.4 160 152 160h-80C67.63 160 64 156.4 64 152V136zM304 384c8.875 0 16 7.125 16 16S312.9 416 304 416h-47.25c-16.38 0-31.25-9.125-38.63-23.88c-2.875-5.875-8-6.5-10.12-6.5s-7.25 .625-10 6.125l-7.75 15.38C187.6 412.6 181.1 416 176 416H174.9c-6.5-.5-12-4.75-14-11L144 354.6L133.4 386.5C127.5 404.1 111 416 92.38 416H80C71.13 416 64 408.9 64 400S71.13 384 80 384h12.38c4.875 0 9.125-3.125 10.62-7.625l18.25-54.63C124.5 311.9 133.6 305.3 144 305.3s19.5 6.625 22.75 16.5l13.88 41.63c19.75-16.25 54.13-9.75 66 14.12c2 4 6 6.5 10.12 6.5H304z\"><\/path><\/svg><\/div><div class=\"uagb-ifb-title-wrap\"><h4 class=\"uagb-ifb-title\">Convention d&#8217;honoraires<\/h4><\/div><\/div><\/div>\n<\/div>\n\n\n\n<div class=\"wp-block-uagb-container uagb-block-89a74441\">\n<div class=\"wp-block-uagb-info-box uagb-block-56970b64 uagb-infobox__content-wrap  uagb-infobox-icon-above-title uagb-infobox-image-valign-top\"><div class=\"uagb-ifb-content\"><div class=\"uagb-ifb-icon-wrap\"><svg xmlns=\"https:\/\/www.w3.org\/2000\/svg\" viewBox=\"0 0 640 512\"><path d=\"M320.5 381.5C324.6 435.5 353 482.6 394.8 512H128.1C92.75 512 64.09 483.3 64.09 448V287.6H32.05C14.02 287.6 0 273.5 0 255.5C0 246.5 3.004 238.5 10.01 231.5L266.4 8.016C273.4 1.002 281.4 0 288.4 0C295.4 0 303.4 2.004 309.5 7.014L522.1 193.9C513.6 192.7 504.9 192 496 192C453.6 192 414.7 207 384.3 232L384 232H328V176C328 167.2 320.8 160 311.1 160H263.1C255.2 160 247.1 167.2 247.1 176V232H191.1C183.2 232 175.1 239.2 175.1 248V296C175.1 304.8 183.2 312 191.1 312H247.1V368C247.1 376.8 255.2 384 263.1 384H311.1C315.1 384 318 383.1 320.5 381.5H320.5zM328 312H329.1C328.7 313.1 328.4 314.3 328 315.4V312zM640 368C640 447.5 575.5 512 496 512C416.5 512 352 447.5 352 368C352 288.5 416.5 224 496 224C575.5 224 640 288.5 640 368zM540.7 324.7L480 385.4L451.3 356.7C445.1 350.4 434.9 350.4 428.7 356.7C422.4 362.9 422.4 373.1 428.7 379.3L468.7 419.3C474.9 425.6 485.1 425.6 491.3 419.3L563.3 347.3C569.6 341.1 569.6 330.9 563.3 324.7C557.1 318.4 546.9 318.4 540.7 324.7H540.7z\"><\/path><\/svg><\/div><div class=\"uagb-ifb-title-wrap\"><h4 class=\"uagb-ifb-title\">Aide juridictionnelle accept\u00e9e<\/h4><\/div><\/div><\/div>\n<\/div>\n\n\n\n<div class=\"wp-block-uagb-container uagb-block-698b67aa\">\n<div class=\"wp-block-uagb-info-box uagb-block-e8fb53ab uagb-infobox__content-wrap  uagb-infobox-icon-above-title uagb-infobox-image-valign-top\"><div class=\"uagb-ifb-content\"><div class=\"uagb-ifb-icon-wrap\"><svg xmlns=\"https:\/\/www.w3.org\/2000\/svg\" viewBox=\"0 0 320 512\"><path d=\"M224 64C224 99.35 195.3 128 160 128C124.7 128 96 99.35 96 64C96 28.65 124.7 0 160 0C195.3 0 224 28.65 224 64zM144 384V480C144 497.7 129.7 512 112 512C94.33 512 80.01 497.7 80.01 480V287.8L59.09 321C49.67 336 29.92 340.5 14.96 331.1C.0016 321.7-4.491 301.9 4.924 286.1L44.79 223.6C69.72 184 113.2 160 160 160C206.8 160 250.3 184 275.2 223.6L315.1 286.1C324.5 301.9 320 321.7 305.1 331.1C290.1 340.5 270.3 336 260.9 321L240 287.8V480C240 497.7 225.7 512 208 512C190.3 512 176 497.7 176 480V384L144 384z\"><\/path><\/svg><\/div><div class=\"uagb-ifb-title-wrap\"><h4 class=\"uagb-ifb-title\">Protection juridique accept\u00e9e<\/h4><\/div><\/div><\/div>\n<\/div>\n<\/div>\n<\/div><\/div>\n\n\n\n<p>Les honoraires seront express\u00e9ment d\u00e9termin\u00e9s d\u00e8s le premier rendez-vous et une convention d\u2019honoraires sera conclue, afin que vous connaissiez, en amont, le co\u00fbt de l\u2019intervention de votre avocat. <br><br>Les honoraires sont fix\u00e9s notamment en fonction de la nature et de la complexit\u00e9 de l\u2019affaire, du temps pr\u00e9visible d\u2019intervention, des diligences et du temps de recherche n\u00e9cessaires.<br><br>Les honoraires seront fix\u00e9s, selon le type d\u2019intervention :<br><br>\u2013 En fonction d\u2019un taux horaire fix\u00e9 d\u00e8s le d\u00e9but de l\u2019intervention et du temps pass\u00e9 ;<br>\u2013 Suivant un forfait, constituant un honoraire global ;<br>\u2013 Le cas \u00e9ch\u00e9ant, un honoraire compl\u00e9mentaire de r\u00e9sultat pourra \u00eatre pr\u00e9vu ;<br>\u2013 Dans le cadre d\u2019un abonnement, permettant de faire appel \u00e0 votre avocat au cours de la p\u00e9riode convenue, dans le respect du budget que vous vous serez fix\u00e9.<br><br><br><\/p>\n","protected":false},"excerpt":{"rendered":"<p>Les honoraires seront express\u00e9ment d\u00e9termin\u00e9s d\u00e8s le premier rendez-vous et une convention d\u2019honoraires sera conclue, afin que vous connaissiez, en amont, le co\u00fbt de l\u2019intervention de votre avocat. Les honoraires sont fix\u00e9s notamment en fonction de la nature et de la complexit\u00e9 de l\u2019affaire, du temps pr\u00e9visible d\u2019intervention, des diligences et du temps de recherche &hellip;<\/p>\n<p class=\"read-more\"> <a class=\"\" href=\"https:\/\/ciamporcero-avocat.fr\/index.php\/practice-areas\/\"> <span class=\"screen-reader-text\">Honoraires<\/span> Read More &raquo;<\/a><\/p>\n","protected":false},"author":1,"featured_media":0,"parent":0,"menu_order":0,"comment_status":"closed","ping_status":"closed","template":"","meta":{"_uag_custom_page_level_css":"","site-sidebar-layout":"no-sidebar","site-content-layout":"plain-container","ast-site-content-layout":"normal-width-container","site-content-style":"unboxed","site-sidebar-style":"unboxed","ast-global-header-display":"","ast-banner-title-visibility":"","ast-main-header-display":"","ast-hfb-above-header-display":"","ast-hfb-below-header-display":"","ast-hfb-mobile-header-display":"","site-post-title":"disabled","ast-breadcrumbs-content":"","ast-featured-img":"disabled","footer-sml-layout":"","theme-transparent-header-meta":"enabled","adv-header-id-meta":"","stick-header-meta":"","header-above-stick-meta":"","header-main-stick-meta":"","header-below-stick-meta":"","astra-migrate-meta-layouts":"set","ast-page-background-enabled":"default","ast-page-background-meta":{"desktop":{"background-color":"var(--ast-global-color-4)","background-image":"","background-repeat":"repeat","background-position":"center center","background-size":"auto","background-attachment":"scroll","background-type":"","background-media":"","overlay-type":"","overlay-color":"","overlay-gradient":""},"tablet":{"background-color":"","background-image":"","background-repeat":"repeat","background-position":"center center","background-size":"auto","background-attachment":"scroll","background-type":"","background-media":"","overlay-type":"","overlay-color":"","overlay-gradient":""},"mobile":{"background-color":"","background-image":"","background-repeat":"repeat","background-position":"center center","background-size":"auto","background-attachment":"scroll","background-type":"","background-media":"","overlay-type":"","overlay-color":"","overlay-gradient":""}},"ast-content-background-meta":{"desktop":{"background-color":"var(--ast-global-color-5)","background-image":"","background-repeat":"repeat","background-position":"center center","background-size":"auto","background-attachment":"scroll","background-type":"","background-media":"","overlay-type":"","overlay-color":"","overlay-gradient":""},"tablet":{"background-color":"var(--ast-global-color-5)","background-image":"","background-repeat":"repeat","background-position":"center center","background-size":"auto","background-attachment":"scroll","background-type":"","background-media":"","overlay-type":"","overlay-color":"","overlay-gradient":""},"mobile":{"background-color":"var(--ast-global-color-5)","background-image":"","background-repeat":"repeat","background-position":"center center","background-size":"auto","background-attachment":"scroll","background-type":"","background-media":"","overlay-type":"","overlay-color":"","overlay-gradient":""}},"footnotes":""},"class_list":["post-836","page","type-page","status-publish","hentry"],"uagb_featured_image_src":{"full":false,"thumbnail":false,"medium":false,"medium_large":false,"large":false,"1536x1536":false,"2048x2048":false},"uagb_author_info":{"display_name":"admin6545","author_link":"https:\/\/ciamporcero-avocat.fr\/index.php\/author\/admin6545\/"},"uagb_comment_info":0,"uagb_excerpt":"Les honoraires seront express\u00e9ment d\u00e9termin\u00e9s d\u00e8s le premier rendez-vous et une convention d\u2019honoraires sera conclue, afin que vous connaissiez, en amont, le co\u00fbt de l\u2019intervention de votre avocat. Les honoraires sont fix\u00e9s notamment en fonction de la nature et de la complexit\u00e9 de l\u2019affaire, du temps pr\u00e9visible d\u2019intervention, des diligences et du temps de recherche&hellip;","_links":{"self":[{"href":"https:\/\/ciamporcero-avocat.fr\/index.php\/wp-json\/wp\/v2\/pages\/836","targetHints":{"allow":["GET"]}}],"collection":[{"href":"https:\/\/ciamporcero-avocat.fr\/index.php\/wp-json\/wp\/v2\/pages"}],"about":[{"href":"https:\/\/ciamporcero-avocat.fr\/index.php\/wp-json\/wp\/v2\/types\/page"}],"author":[{"embeddable":true,"href":"https:\/\/ciamporcero-avocat.fr\/index.php\/wp-json\/wp\/v2\/users\/1"}],"replies":[{"embeddable":true,"href":"https:\/\/ciamporcero-avocat.fr\/index.php\/wp-json\/wp\/v2\/comments?post=836"}],"version-history":[{"count":10,"href":"https:\/\/ciamporcero-avocat.fr\/index.php\/wp-json\/wp\/v2\/pages\/836\/revisions"}],"predecessor-version":[{"id":1575,"href":"https:\/\/ciamporcero-avocat.fr\/index.php\/wp-json\/wp\/v2\/pages\/836\/revisions\/1575"}],"wp:attachment":[{"href":"https:\/\/ciamporcero-avocat.fr\/index.php\/wp-json\/wp\/v2\/media?parent=836"}],"curies":[{"name":"wp","href":"https:\/\/api.w.org\/{rel}","templated":true}]}}