{"id":833,"date":"2021-08-18T06:40:47","date_gmt":"2021-08-18T06:40:47","guid":{"rendered":"https:\/\/ciamporcero-avocat.fr\/index.php\/home\/"},"modified":"2025-10-23T16:01:07","modified_gmt":"2025-10-23T14:01:07","slug":"home","status":"publish","type":"page","link":"https:\/\/ciamporcero-avocat.fr\/","title":{"rendered":"Accueil"},"content":{"rendered":"\n<div class=\"wp-block-uagb-container uagb-block-fe83ce66 alignfull uagb-is-root-container\"><div class=\"uagb-container-inner-blocks-wrap\">\n<div class=\"wp-block-uagb-info-box uagb-block-701661e2 uagb-infobox__content-wrap  uagb-infobox-icon-above-title uagb-infobox-image-valign-top\"><div class=\"uagb-ifb-content\"><div class=\"uagb-ifb-title-wrap\"><span class=\"uagb-ifb-title-prefix\">Pierre Ciamporcero &#8211; Avocat au Barreau de Lyon<\/span><h2 class=\"uagb-ifb-title\">DROIT DU TRAVAIL <br>&amp;<br> DROIT DE LA SECURITE SOCIALE<\/h2><\/div><div class=\"uagb-ifb-button-wrapper wp-block-button\"><a href=\"https:\/\/ciamporcero-avocat.fr\/index.php\/demande-de-rdv\/\" class=\"uagb-infobox-cta-link wp-block-button__link\" target=\"_blank\" rel=\"noopener noreferrer\" onclick=\"return true;\" alt=\"\"><span class=\"uagb-inline-editing\">DEMANDER UN RDV<\/span><\/a><\/div><\/div><\/div>\n<\/div><\/div>\n\n\n\n<div class=\"wp-block-uagb-container uagb-block-8f732a5c alignfull uagb-is-root-container\"><div class=\"uagb-container-inner-blocks-wrap\">\n<div class=\"wp-block-uagb-container uagb-block-2cbeff86\">\n<div class=\"wp-block-uagb-info-box uagb-block-d053edd2 uagb-infobox__content-wrap  uagb-infobox-icon-above-title uagb-infobox-image-valign-top\"><div class=\"uagb-ifb-content\"><div class=\"uagb-ifb-title-wrap\"><div class=\"uagb-ifb-separator\"><\/div><h2 class=\"uagb-ifb-title\">Votre Avocat<\/h2><\/div><\/div><\/div>\n\n\n\n<div class=\"wp-block-uagb-advanced-heading uagb-block-80f27f09\"><h6 class=\"uagb-heading-text\">Prestation de Serment &#8211;  4 d\u00e9cembre 2017<\/h6><p class=\"uagb-desc-text\">Avocat au Barreau de Lyon, Pierre Ciamporcero exerce comme Avocat \u00e0 Lyon <strong>depuis 2018<\/strong>. Il consacre son activit\u00e9 \u00e0 la d\u00e9fense de vos int\u00e9r\u00eats en <strong>Droit du Travail et Droit de la S\u00e9curit\u00e9 Sociale<\/strong>.<\/p><\/div>\n\n\n\n<div class=\"wp-block-columns is-layout-flex wp-container-core-columns-is-layout-28f84493 wp-block-columns-is-layout-flex\">\n<div class=\"wp-block-column is-layout-flow wp-block-column-is-layout-flow\" style=\"flex-basis:100%\">\n<div class=\"wp-block-uagb-container uagb-block-2e504cce\">\n<div class=\"wp-block-uagb-container uagb-block-575e6a0a\">\n<div class=\"wp-block-uagb-advanced-heading uagb-block-cc5dff5d\"><h4 class=\"uagb-heading-text\">Formation<\/h4><p class=\"uagb-desc-text\">Fort d&#8217;un parcours universitaire complet et titulaire d\u2019un <strong>Master 2 en Droit du Travail<\/strong>, Pierre Ciamporcero a obtenu en 2017 le <strong>Certificat d&#8217;Aptitude \u00e0 la Profession d\u2019Avocat<\/strong> (CAPA).<br><br><\/p><\/div>\n<\/div>\n\n\n\n<div class=\"wp-block-uagb-container uagb-block-04216f07\">\n<div class=\"wp-block-uagb-advanced-heading uagb-block-a25d9144\"><h4 class=\"uagb-heading-text\">Parcours<\/h4><p class=\"uagb-desc-text\">Apr\u00e8s s&#8217;\u00eatre forg\u00e9 une <strong>solide exp\u00e9rience<\/strong> en collaborant au sein de Cabinets d\u2019Avocats reconnus dans le domaine du Droit Social par la presse sp\u00e9cialis\u00e9e, Pierre Ciamporcero exerce aujourd&#8217;hui au sein de <strong>son propre Cabinet<\/strong>.<br><\/p><\/div>\n<\/div>\n<\/div>\n<\/div>\n<\/div>\n\n\n\n<div class=\"wp-block-uagb-buttons uagb-buttons__outer-wrap uagb-btn__default-btn uagb-btn-tablet__default-btn uagb-btn-mobile__default-btn uagb-block-d29a3fc0\"><div class=\"uagb-buttons__wrap uagb-buttons-layout-wrap\">\n<div class=\"wp-block-uagb-buttons-child uagb-buttons__outer-wrap uagb-block-2f4c2572 wp-block-button is-style-outline\"><div class=\"uagb-button__wrapper\"><a class=\"uagb-buttons-repeater wp-block-button__link\" aria-label=\"\" href=\"https:\/\/www.linkedin.com\/in\/pierre-ciamporcero\/\" rel=\"follow noopener\" target=\"_blank\"><div class=\"uagb-button__link\">En savoir plus sur votre Avocat<\/div><\/a><\/div><\/div>\n<\/div><\/div>\n<\/div>\n\n\n\n<div class=\"wp-block-uagb-container uagb-block-22aebd5e\">\n<figure class=\"wp-block-image size-full\"><img loading=\"lazy\" decoding=\"async\" width=\"666\" height=\"1000\" src=\"http:\/\/ciamporcero-avocat.fr\/wp-content\/uploads\/2023\/12\/Ciamporcero-2573.jpg\" alt=\"\" class=\"wp-image-1500\" srcset=\"https:\/\/ciamporcero-avocat.fr\/wp-content\/uploads\/2023\/12\/Ciamporcero-2573.jpg 666w, https:\/\/ciamporcero-avocat.fr\/wp-content\/uploads\/2023\/12\/Ciamporcero-2573-200x300.jpg 200w\" sizes=\"auto, (max-width: 666px) 100vw, 666px\" \/><\/figure>\n<\/div>\n<\/div><\/div>\n\n\n\n<div class=\"wp-block-uagb-container uagb-block-ad112c0e alignfull uagb-is-root-container\"><div class=\"uagb-container-inner-blocks-wrap\">\n<div class=\"wp-block-uagb-container uagb-block-61589d26\">\n<div class=\"wp-block-uagb-info-box uagb-block-cdf3f942 uagb-infobox__content-wrap  uagb-infobox-icon-above-title uagb-infobox-image-valign-top\"><div class=\"uagb-ifb-content\"><div class=\"uagb-ifb-title-wrap\"><div class=\"uagb-ifb-separator\"><\/div><h2 class=\"uagb-ifb-title\">Domaines d&#8217;intervention<\/h2><\/div><\/div><\/div>\n\n\n\n<div class=\"wp-block-uagb-image alignleft uagb-block-29e0a2b9 wp-block-uagb-image--layout-default wp-block-uagb-image--effect-static wp-block-uagb-image--align-left\"><figure class=\"wp-block-uagb-image__figure\"><img decoding=\"async\" srcset=\"https:\/\/ciamporcero-avocat.fr\/wp-content\/uploads\/2023\/12\/study-lawyer-right-2746004.jpg ,http:\/\/ciamporcero-avocat.fr\/wp-content\/uploads\/2023\/12\/study-lawyer-right-2746004.jpg 780w, http:\/\/ciamporcero-avocat.fr\/wp-content\/uploads\/2023\/12\/study-lawyer-right-2746004.jpg 360w\" sizes=\"auto, (max-width: 480px) 150px\" src=\"https:\/\/ciamporcero-avocat.fr\/wp-content\/uploads\/2023\/12\/study-lawyer-right-2746004.jpg\" alt=\"study, lawyer, right-2746004.jpg\" class=\"uag-image-1512\" width=\"381\" height=\"254\" title=\"\" loading=\"lazy\"\/><\/figure><\/div>\n<\/div>\n\n\n\n<div class=\"wp-block-uagb-container uagb-block-17f9b69b\">\n<div class=\"wp-block-uagb-container uagb-block-9f05bacd\">\n<div class=\"wp-block-uagb-advanced-heading uagb-block-59d2cde1\"><h4 class=\"uagb-heading-text\">Conseil de Prud&#8217;hommes<\/h4><p class=\"uagb-desc-text\">Contestation du licenciement,<br>Paiement des salaires,<br>D\u00e9compte du temps de travail,<br>Harc\u00e8lement,<br>Discrimination,<br>Ex\u00e9cution d\u00e9loyale du contrat,<br>Etc.<\/p><\/div>\n\n\n\n<div class=\"wp-block-uagb-advanced-heading uagb-block-2c9b721d\"><h4 class=\"uagb-heading-text\">Tribunal  &#8211; P\u00f4le Social<\/h4><p class=\"uagb-desc-text\">Reconnaissance d&#8217;un accident du travail,<br>Reconnaissance d&#8217;une maladie professionnelle,<br>Engagement de responsabilit\u00e9,<br>Etc.<br> <br><\/p><\/div>\n<\/div>\n\n\n\n<div class=\"wp-block-uagb-container uagb-block-121038a4\">\n<div class=\"wp-block-uagb-advanced-heading uagb-block-c1b29c29\"><h4 class=\"uagb-heading-text\">R\u00e9daction d&#8217;Actes<\/h4><p class=\"uagb-desc-text\">Contrat, Avenant, Mise en demeure, Accord, etc.<\/p><\/div>\n\n\n\n<div class=\"wp-block-uagb-advanced-heading uagb-block-445bd39d\"><h4 class=\"uagb-heading-text\">N\u00e9gociation<\/h4><p class=\"uagb-desc-text\">Rupture conventionnelle, Transaction, Strat\u00e9gie de sortie, etc.<\/p><\/div>\n<\/div>\n\n\n\n<div class=\"wp-block-uagb-container uagb-block-72091c0e\">\n<div class=\"wp-block-uagb-advanced-heading uagb-block-241147e3\"><h4 class=\"uagb-heading-text\">Accompagnement<\/h4><p class=\"uagb-desc-text\">Conduite des proc\u00e9dures, mises en conformit\u00e9, modification du contrat, etc.<\/p><\/div>\n\n\n\n<div class=\"wp-block-uagb-advanced-heading uagb-block-91bb4954\"><h4 class=\"uagb-heading-text\">Conseil<\/h4><p class=\"uagb-desc-text\">Strat\u00e9gie, d\u00e9veloppement, gestion des risques, etc.<br><br><\/p><\/div>\n<\/div>\n\n\n\n<div class=\"wp-block-uagb-container uagb-block-58ec0128\">\n<div class=\"wp-block-uagb-advanced-heading uagb-block-3af816a0\"><h4 class=\"uagb-heading-text\">Relations avec l&#8217;Administration<\/h4><p class=\"uagb-desc-text\">Relations avec l&#8217;Inspection du travail et les Services de sant\u00e9 au travail.<\/p><\/div>\n\n\n\n<div class=\"wp-block-uagb-advanced-heading uagb-block-d9f6a14d\"><h4 class=\"uagb-heading-text\">Relations avec la S\u00e9curit\u00e9 Sociale<\/h4><p class=\"uagb-desc-text\">Relations avec les Caisses de S\u00e9curit\u00e9 Sociale, l&#8217;URSSAF et les Caisses de Recours amiable.<\/p><\/div>\n<\/div>\n<\/div>\n<\/div><\/div>\n\n\n\n<div class=\"wp-block-uagb-container uagb-block-09287743 alignfull uagb-is-root-container\"><div class=\"uagb-container-inner-blocks-wrap\">\n<div class=\"wp-block-uagb-info-box uagb-block-f265223c uagb-infobox__content-wrap  uagb-infobox-icon-above-title uagb-infobox-image-valign-top\"><div class=\"uagb-ifb-content\"><div class=\"uagb-ifb-title-wrap\"><div class=\"uagb-ifb-separator\"><\/div><h2 class=\"uagb-ifb-title\">Comment \u00e7a marche ?<\/h2><\/div><\/div><\/div>\n\n\n\n<div class=\"wp-block-uagb-container uagb-block-58eb723c\">\n<div class=\"wp-block-uagb-container uagb-block-ccbedaa7\">\n<div class=\"wp-block-uagb-info-box uagb-block-38dc12e4 uagb-infobox__content-wrap  uagb-infobox-icon-above-title uagb-infobox-image-valign-top\"><div class=\"uagb-ifb-content\"><div class=\"uagb-ifb-image-content\"><img decoding=\"async\" src=\"http:\/\/ciamporcero-avocat.fr\/wp-content\/uploads\/2021\/03\/01.png\" alt=\"\" width=\"60\" height=\"60\" loading=\"lazy\"\/><\/div><div class=\"uagb-ifb-title-wrap\"><h4 class=\"uagb-ifb-title\">Consultation <br>&amp; <br>Pr\u00e9analyse de votre dossier<\/h4><\/div><\/div><\/div>\n<\/div>\n\n\n\n<div class=\"wp-block-uagb-container uagb-block-e2ee72c8\">\n<div class=\"wp-block-uagb-info-box uagb-block-43a2b547 uagb-infobox__content-wrap  uagb-infobox-icon-above-title uagb-infobox-image-valign-top\"><div class=\"uagb-ifb-content\"><div class=\"uagb-ifb-image-content\"><img decoding=\"async\" src=\"http:\/\/ciamporcero-avocat.fr\/wp-content\/uploads\/2021\/03\/02.png\" alt=\"\" width=\"60\" height=\"60\" loading=\"lazy\"\/><\/div><div class=\"uagb-ifb-title-wrap\"><h4 class=\"uagb-ifb-title\">D\u00e9finition de la strat\u00e9gie<br>&amp;<br>Constitution du dossier <br><br><\/h4><\/div><\/div><\/div>\n<\/div>\n\n\n\n<div class=\"wp-block-uagb-container uagb-block-864dc9d7\">\n<div class=\"wp-block-uagb-info-box uagb-block-e2a59c14 uagb-infobox__content-wrap  uagb-infobox-icon-above-title uagb-infobox-image-valign-top\"><div class=\"uagb-ifb-content\"><div class=\"uagb-ifb-image-content\"><img decoding=\"async\" src=\"http:\/\/ciamporcero-avocat.fr\/wp-content\/uploads\/2021\/03\/03.png\" alt=\"\" width=\"60\" height=\"60\" loading=\"lazy\"\/><\/div><div class=\"uagb-ifb-title-wrap\"><h4 class=\"uagb-ifb-title\">Mise en \u0153uvre de l&#8217;action d\u00e9finie<br><br><br><\/h4><\/div><\/div><\/div>\n<\/div>\n<\/div>\n\n\n\n<div class=\"wp-block-uagb-buttons uagb-buttons__outer-wrap uagb-btn__default-btn uagb-btn-tablet__default-btn uagb-btn-mobile__default-btn uagb-block-a8451b70\"><div class=\"uagb-buttons__wrap uagb-buttons-layout-wrap\">\n<div class=\"wp-block-uagb-buttons-child uagb-buttons__outer-wrap uagb-block-1395e03c wp-block-button is-style-outline\"><div class=\"uagb-button__wrapper\"><a class=\"uagb-buttons-repeater wp-block-button__link\" aria-label=\"\" href=\"https:\/\/ciamporcero-avocat.fr\/index.php\/demande-de-rdv\/\" rel=\"follow noopener\" target=\"_blank\"><div class=\"uagb-button__link\">PRENEZ RENDEZ VOUS<\/div><\/a><\/div><\/div>\n<\/div><\/div>\n<\/div><\/div>\n\n\n\n<div class=\"wp-block-uagb-container uagb-block-e2d244fa alignfull uagb-is-root-container\"><div class=\"uagb-container-inner-blocks-wrap\">\n<div class=\"wp-block-uagb-advanced-heading uagb-block-8e05dc4e\"><h3 class=\"uagb-heading-text\">Adresse du Cabinet<\/h3><\/div>\n\n\n\n<div class=\"wp-block-uagb-container uagb-block-ff4527d0\">\n<div class=\"wp-block-uagb-container uagb-block-6ab99b00\">\n<div class=\"wp-block-uagb-info-box uagb-block-107bf34c uagb-infobox__content-wrap  uagb-infobox-icon-above-title uagb-infobox-image-valign-top\"><div class=\"uagb-ifb-content\"><div class=\"uagb-ifb-title-wrap\"><h4 class=\"uagb-ifb-title\">CIAMPORCERO AVOCAT<\/h4><\/div><p class=\"uagb-ifb-desc\">75, rue Chaponnay<br>69 003 &#8211; LYON<\/p><div class=\"uagb-ifb-button-wrapper wp-block-button\"><a href=\"https:\/\/maps.app.goo.gl\/h87pCoFqUmCjUT5J6\" target=\"_blank\" onclick=\"return true;\" class=\"uagb-infobox-cta-link\" rel=\"noopener noreferrer\" alt=\"\"><svg xmlns=\"https:\/\/www.w3.org\/2000\/svg\" viewBox=\"0 0 384 512\"><path d=\"M168.3 499.2C116.1 435 0 279.4 0 192C0 85.96 85.96 0 192 0C298 0 384 85.96 384 192C384 279.4 267 435 215.7 499.2C203.4 514.5 180.6 514.5 168.3 499.2H168.3zM192 256C227.3 256 256 227.3 256 192C256 156.7 227.3 128 192 128C156.7 128 128 156.7 128 192C128 227.3 156.7 256 192 256z\"><\/path><\/svg><span class=\"uagb-inline-editing\">Y ALLER<\/span><\/a><\/div><\/div><\/div>\n<\/div>\n\n\n\n<div class=\"wp-block-uagb-container uagb-block-f77574ea\">\n<iframe src=\"https:\/\/www.google.com\/maps\/embed?pb=!1m18!1m12!1m3!1d2783.634011996335!2d4.8459243766191165!3d45.758482713755!2m3!1f0!2f0!3f0!3m2!1i1024!2i768!4f13.1!3m3!1m2!1s0x47f4ea4d375aaaad%3A0x8a2c01263df562a8!2sCIAMPORCERO%20AVOCAT!5e0!3m2!1sfr!2sfr!4v1761228054269!5m2!1sfr!2sfr\" width=\"600\" height=\"450\" style=\"border:0;\" allowfullscreen=\"\" loading=\"lazy\" referrerpolicy=\"no-referrer-when-downgrade\"><\/iframe>\n<\/div>\n<\/div>\n\n\n\n<p><br><br><br><\/p>\n<\/div><\/div>\n","protected":false},"excerpt":{"rendered":"<p>Prestation de Serment &#8211; 4 d\u00e9cembre 2017 Avocat au Barreau de Lyon, Pierre Ciamporcero exerce comme Avocat \u00e0 Lyon depuis 2018. Il consacre son activit\u00e9 \u00e0 la d\u00e9fense de vos int\u00e9r\u00eats en Droit du Travail et Droit de la S\u00e9curit\u00e9 Sociale. Formation Fort d&#8217;un parcours universitaire complet et titulaire d\u2019un Master 2 en Droit du &hellip;<\/p>\n<p class=\"read-more\"> <a class=\"\" href=\"https:\/\/ciamporcero-avocat.fr\/\"> <span class=\"screen-reader-text\">Accueil<\/span> Read More &raquo;<\/a><\/p>\n","protected":false},"author":1,"featured_media":0,"parent":0,"menu_order":0,"comment_status":"closed","ping_status":"closed","template":"","meta":{"_uag_custom_page_level_css":"","site-sidebar-layout":"no-sidebar","site-content-layout":"plain-container","ast-site-content-layout":"normal-width-container","site-content-style":"unboxed","site-sidebar-style":"unboxed","ast-global-header-display":"","ast-banner-title-visibility":"","ast-main-header-display":"","ast-hfb-above-header-display":"","ast-hfb-below-header-display":"","ast-hfb-mobile-header-display":"","site-post-title":"disabled","ast-breadcrumbs-content":"","ast-featured-img":"disabled","footer-sml-layout":"","theme-transparent-header-meta":"enabled","adv-header-id-meta":"","stick-header-meta":"","header-above-stick-meta":"","header-main-stick-meta":"","header-below-stick-meta":"","astra-migrate-meta-layouts":"set","ast-page-background-enabled":"default","ast-page-background-meta":{"desktop":{"background-color":"var(--ast-global-color-4)","background-image":"","background-repeat":"repeat","background-position":"center center","background-size":"auto","background-attachment":"scroll","background-type":"","background-media":"","overlay-type":"","overlay-color":"","overlay-gradient":""},"tablet":{"background-color":"","background-image":"","background-repeat":"repeat","background-position":"center center","background-size":"auto","background-attachment":"scroll","background-type":"","background-media":"","overlay-type":"","overlay-color":"","overlay-gradient":""},"mobile":{"background-color":"","background-image":"","background-repeat":"repeat","background-position":"center center","background-size":"auto","background-attachment":"scroll","background-type":"","background-media":"","overlay-type":"","overlay-color":"","overlay-gradient":""}},"ast-content-background-meta":{"desktop":{"background-color":"var(--ast-global-color-5)","background-image":"","background-repeat":"repeat","background-position":"center center","background-size":"auto","background-attachment":"scroll","background-type":"","background-media":"","overlay-type":"","overlay-color":"","overlay-gradient":""},"tablet":{"background-color":"var(--ast-global-color-5)","background-image":"","background-repeat":"repeat","background-position":"center center","background-size":"auto","background-attachment":"scroll","background-type":"","background-media":"","overlay-type":"","overlay-color":"","overlay-gradient":""},"mobile":{"background-color":"var(--ast-global-color-5)","background-image":"","background-repeat":"repeat","background-position":"center center","background-size":"auto","background-attachment":"scroll","background-type":"","background-media":"","overlay-type":"","overlay-color":"","overlay-gradient":""}},"footnotes":""},"class_list":["post-833","page","type-page","status-publish","hentry"],"uagb_featured_image_src":{"full":false,"thumbnail":false,"medium":false,"medium_large":false,"large":false,"1536x1536":false,"2048x2048":false},"uagb_author_info":{"display_name":"admin6545","author_link":"https:\/\/ciamporcero-avocat.fr\/index.php\/author\/admin6545\/"},"uagb_comment_info":0,"uagb_excerpt":"Prestation de Serment &#8211; 4 d\u00e9cembre 2017 Avocat au Barreau de Lyon, Pierre Ciamporcero exerce comme Avocat \u00e0 Lyon depuis 2018. Il consacre son activit\u00e9 \u00e0 la d\u00e9fense de vos int\u00e9r\u00eats en Droit du Travail et Droit de la S\u00e9curit\u00e9 Sociale. Formation Fort d&#8217;un parcours universitaire complet et titulaire d\u2019un Master 2 en Droit du&hellip;","_links":{"self":[{"href":"https:\/\/ciamporcero-avocat.fr\/index.php\/wp-json\/wp\/v2\/pages\/833","targetHints":{"allow":["GET"]}}],"collection":[{"href":"https:\/\/ciamporcero-avocat.fr\/index.php\/wp-json\/wp\/v2\/pages"}],"about":[{"href":"https:\/\/ciamporcero-avocat.fr\/index.php\/wp-json\/wp\/v2\/types\/page"}],"author":[{"embeddable":true,"href":"https:\/\/ciamporcero-avocat.fr\/index.php\/wp-json\/wp\/v2\/users\/1"}],"replies":[{"embeddable":true,"href":"https:\/\/ciamporcero-avocat.fr\/index.php\/wp-json\/wp\/v2\/comments?post=833"}],"version-history":[{"count":47,"href":"https:\/\/ciamporcero-avocat.fr\/index.php\/wp-json\/wp\/v2\/pages\/833\/revisions"}],"predecessor-version":[{"id":1615,"href":"https:\/\/ciamporcero-avocat.fr\/index.php\/wp-json\/wp\/v2\/pages\/833\/revisions\/1615"}],"wp:attachment":[{"href":"https:\/\/ciamporcero-avocat.fr\/index.php\/wp-json\/wp\/v2\/media?parent=833"}],"curies":[{"name":"wp","href":"https:\/\/api.w.org\/{rel}","templated":true}]}}