{"id":3,"date":"2023-12-12T17:43:14","date_gmt":"2023-12-12T16:43:14","guid":{"rendered":"http:\/\/ciamporcero-avocat.fr\/?page_id=3"},"modified":"2025-10-23T16:03:39","modified_gmt":"2025-10-23T14:03:39","slug":"politique-de-confidentialite","status":"publish","type":"page","link":"https:\/\/ciamporcero-avocat.fr\/index.php\/politique-de-confidentialite\/","title":{"rendered":"Politique de confidentialit\u00e9"},"content":{"rendered":"\n<h2 class=\"wp-block-heading\">Qui sommes-nous&nbsp;?<\/h2>\n\n\n\n<p>L\u2019adresse de notre site est&nbsp;: http:\/\/ciamporcero-avocat.fr.<\/p>\n\n\n\n<h2 class=\"wp-block-heading\">Cookies<\/h2>\n\n\n\n<p>Si vous remplissez un formulaire sur notre site, il vous sera propos\u00e9 d\u2019enregistrer votre nom, adresse e-mail et site dans des cookies. C\u2019est uniquement pour votre confort afin de ne pas avoir \u00e0 saisir ces informations si vous d\u00e9posez un autre commentaire plus tard. Ces cookies expirent au bout d\u2019un an.<\/p>\n\n\n\n<h2 class=\"wp-block-heading\">Contenu embarqu\u00e9 depuis d\u2019autres sites<\/h2>\n\n\n\n<p>Les articles de ce site peuvent inclure des contenus int\u00e9gr\u00e9s (par exemple des vid\u00e9os, images, articles\u2026). Le contenu int\u00e9gr\u00e9 depuis d\u2019autres sites se comporte de la m\u00eame mani\u00e8re que si le visiteur se rendait sur cet autre site.<\/p>\n\n\n\n<p>Ces sites web pourraient collecter des donn\u00e9es sur vous, utiliser des cookies, embarquer des outils de suivis tiers, suivre vos interactions avec ces contenus embarqu\u00e9s si vous disposez d\u2019un compte connect\u00e9 sur leur site web.<\/p>\n\n\n\n<h2 class=\"wp-block-heading\">Mentions obligatoires utilisation et transmission de vos donn\u00e9es personnelles<\/h2>\n\n\n\n<p>Identit\u00e9 du site :<br>Nom du site : ciamporcero-avocat.fr<br>Directeur de la publication : Me Pierre CIAMPORCERO<br>Contact via formulaire de contact : ici<br>Adresse : 75, rue Chaponnay &#8211; LYON<br>Courriel : cabinet@ciamporcero-avocat.fr<br>T\u00e9l. : 07 78 05 57 92<br>Forme juridique : Profession lib\u00e9rale<br>Raison sociale : Pierre CIAMPORCERO<br>SIRET : 833 784 382 000 16<br>TVA Intracommunautaire : FR 93 833784382<br>H\u00e9bergement :<br>ovh.com<br>SAS au capital de 10 069 020 \u20ac<br>RCS Lille M\u00e9tropole 424 761 419 00045<br>Code APE 2620Z<br>N\u00b0 TVA : FR 22 424 761 419<br>Si\u00e8ge social : 2 rue Kellermann &#8211; 59100 Roubaix &#8211; France<br>Directeur de la publication : Octave KLABA<br>Pr\u00e9sident : Henryk KLABA<br>Directeur g\u00e9n\u00e9ral : Miroslaw KLABA<br>Directeur g\u00e9n\u00e9ral d\u00e9l\u00e9gu\u00e9 : Octave KLABA<br>Directeur g\u00e9n\u00e9ral d\u00e9l\u00e9gu\u00e9 : Halina KLABA<br>L&#8217;utilisateur du site Internet reconna\u00eet disposer de la comp\u00e9tence et des moyens n\u00e9cessaires pour acc\u00e9der et utiliser ce site. Il reconna\u00eet \u00e9galement avoir pris connaissance de la pr\u00e9sente notice l\u00e9gale et s&#8217;engage \u00e0 la respecter.<\/p>\n\n\n\n<p>Les informations recueillies via le pr\u00e9sent site proviennent de l&#8217;enregistrement volontaire d&#8217;une adresse courriel fournie par l&#8217;internaute. Elles lui permettront de recevoir une documentation, de se renseigner sur un point de droit quelconque ou d&#8217;\u00eatre contact\u00e9 par l&#8217;avocat. Ces informations ne sont jamais communiqu\u00e9es \u00e0 un tiers. Les traitements r\u00e9alis\u00e9s via le pr\u00e9sent site \u00e9tant constitu\u00e9s en vue d&#8217;information sont des traitements courants qui ne sont pas susceptibles de porter atteinte \u00e0 la vie priv\u00e9e des personnes dans le cadre de leur utilisation r\u00e9guli\u00e8re. Ces traitements peuvent bien s\u00fbr avoir pour finalit\u00e9s la constitution de fichiers d&#8217;adresses \u00e0 des fins d&#8217;informations ou de communication externe se rapportant au but ou \u00e0 l&#8217;activit\u00e9 du directeur de publication.<\/p>\n\n\n\n<p>L&#8217;utilisateur est inform\u00e9 que lors de ses visites sur le site, un cookie peut s&#8217;installer automatiquement sur son logiciel de navigation. Un cookie est un \u00e9l\u00e9ment qui ne permet pas d&#8217;identifier l&#8217;utilisateur mais sert \u00e0 enregistrer des informations relatives \u00e0 la navigation de celui-ci sur le site Internet. L&#8217;utilisateur pourra d\u00e9sactiver ce cookie par l&#8217;interm\u00e9diaire des param\u00e8tres figurant au sein de son logiciel de navigation.<\/p>\n\n\n\n<p>L&#8217;utilisateur dispose d&#8217;un droit d&#8217;acc\u00e8s, de modification, de rectification et de suppression des donn\u00e9es qui le concernent (article 34 de la loi &#8221; Informatique et Libert\u00e9s &#8220;). Pour l&#8217;exercer, l&#8217;utilisateur peut s&#8217;adresser aupr\u00e8s du Directeur de la publication vis\u00e9 plus haut.<\/p>\n\n\n\n<p>Toute repr\u00e9sentation totale ou partielle de ce site par quelque proc\u00e9d\u00e9 que ce soit, sans l&#8217;autorisation expresse de l&#8217;exploitant du site Internet est interdite et constituerait une contrefa\u00e7on sanctionn\u00e9e par les article L 335-2 et suivants du Code de la propri\u00e9t\u00e9 intellectuelle.<\/p>\n\n\n\n<p>Il en est de m\u00eame des \u00e9ventuelles bases de donn\u00e9es figurant sur le site Internet qui sont prot\u00e9g\u00e9es par les dispositions de la loi du 11 juillet 1998 portant transposition dans le Code de la propri\u00e9t\u00e9 intellectuelle (CPI) de la directive europ\u00e9enne du 11 mars 1996 relative \u00e0 la protection juridique des bases de donn\u00e9es.<\/p>\n\n\n\n<p>Les marques de l&#8217;exploitant du site Internet et de ses partenaires, ainsi que les logos figurant sur le site sont des \u00e9l\u00e9ments prot\u00e9g\u00e9s par les dispositions du droit de la propri\u00e9t\u00e9 intellectuelle et ne peuvent faire l&#8217;objet, sans consentement du Directeur de la publication, d&#8217;aucune reproduction ni repr\u00e9sentation partielle ou totale.<\/p>\n\n\n\n<p>Les liens hypertextes mis en place dans le cadre du site Internet en direction d&#8217;autres ressources pr\u00e9sentes sur le r\u00e9seau de l&#8217;Internet, et notamment vers ses partenaires ont fait l&#8217;objet d&#8217;une autorisation pr\u00e9alable expresse et \u00e9crite.<\/p>\n\n\n\n<p>Les utilisateurs visiteurs du site Internet ne peuvent mettre en place un hyperlien en direction de ces sites sans l&#8217;autorisation expresse et pr\u00e9alable de l&#8217;exploitant du site Internet.<\/p>\n\n\n\n<p>Conform\u00e9ment aux articles L.612-1 et suivants issus de l&#8217;ordonnance n\u00b02016-301 du 14 mars 2016, vous avez la possibilit\u00e9 en cas de litige avec un avocat de recourir gratuitement au M\u00e9diateur de la Consommation qui sera le M\u00e9diateur National pr\u00e8s du Conseil National et dont les coordonn\u00e9es sont les suivantes : CNB &#8211; M\u00e9diateur \u00e0 la Consommation, 22 rue de Londres, 75009 PARIS.<br>Droits d&#8217;auteurs<br>La structure g\u00e9n\u00e9rale, ainsi que les textes, photos, images et sons composant ce site sont la propri\u00e9t\u00e9 de Pierre Ciamporcero. Toute reproduction, totale ou partielle, et toute repr\u00e9sentation du contenu substantiel de ce site, d&#8217;un ou de plusieurs de ses composants, par quelque proc\u00e9d\u00e9 que ce soit, sans autorisation expresse deu propri\u00e9taire, est interdite, et constitue une contrefa\u00e7on sanctionn\u00e9e par les articles L.335-2 et suivants du Code de la propri\u00e9t\u00e9 intellectuelle.<\/p>\n\n\n\n<p>Les informations, pictogrammes, photographies, images, textes, s\u00e9quences vid\u00e9o, anim\u00e9es sonores ou non, et autres documents pr\u00e9sents sur le site Internet sont prot\u00e9g\u00e9s par des droits de propri\u00e9t\u00e9 industrielle et\/ou intellectuelle, soit que le propri\u00e9taire en soit le titulaire, soit qu\u2019elle soit autoris\u00e9e \u00e0 les reproduire et les repr\u00e9senter.<\/p>\n\n\n\n<p>A ce titre, toute reproduction, repr\u00e9sentation, adaptation, traduction et\/ou modification, partielle ou int\u00e9grale ou transfert sur un autre site sont interdits.<\/p>\n\n\n\n<p>La copie sur support papier \u00e0 usage priv\u00e9 de ces diff\u00e9rents objets de droits est autoris\u00e9e conform\u00e9ment \u00e0 l\u2019article L122-5 du Code de la Propri\u00e9t\u00e9 Intellectuelle. Leur reproduction partielle ou int\u00e9grale, sans l&#8217;accord pr\u00e9alable et \u00e9crit de l\u2019auteur, est strictement interdite.<\/p>\n\n\n\n<p>Politique de confident<\/p>\n\n\n\n<p>Qui sommes-nous ?<br>L\u2019adresse de notre site Web est : http:\/\/ciamporcero-avocat.fr.<br>Utilisation des donn\u00e9es personnelles collect\u00e9es<br>Commentaires<br>Quand vous laissez un commentaire sur notre site web, les donn\u00e9es inscrites dans le formulaire de commentaire, mais aussi votre adresse IP et l\u2019agent utilisateur de votre navigateur sont collect\u00e9s pour nous aider \u00e0 la d\u00e9tection des commentaires ind\u00e9sirables.<br>Une cha\u00eene anonymis\u00e9e cr\u00e9\u00e9e \u00e0 partir de votre adresse de messagerie (\u00e9galement appel\u00e9e hash) peut \u00eatre envoy\u00e9e au service Gravatar pour v\u00e9rifier si vous utilisez ce dernier. Les clauses de confidentialit\u00e9 du service Gravatar sont disponibles ici : https:\/\/automattic.com\/privacy\/. Apr\u00e8s validation de votre commentaire, votre photo de profil sera visible publiquement \u00e0 cot\u00e9 de votre commentaire.<br>M\u00e9dias<br>Si vous \u00eates un utilisateur ou une utilisatrice enregistr\u00e9\u00b7e et que vous t\u00e9l\u00e9versez des images sur le site web, nous vous conseillons d\u2019\u00e9viter de t\u00e9l\u00e9verser des images contenant des donn\u00e9es EXIF de coordonn\u00e9es GPS. Les visiteurs de votre site web peuvent t\u00e9l\u00e9charger et extraire des donn\u00e9es de localisation depuis ces images.<br>Formulaires de contact<br>Cookies<br>Si vous d\u00e9posez un commentaire sur notre site, il vous sera propos\u00e9 d\u2019enregistrer votre nom, adresse de messagerie et site web dans des cookies. C\u2019est uniquement pour votre confort afin de ne pas avoir \u00e0 saisir ces informations si vous d\u00e9posez un autre commentaire plus tard. Ces cookies expirent au bout d\u2019un an.<br>Si vous avez un compte et que vous vous connectez sur ce site, un cookie temporaire sera cr\u00e9\u00e9 afin de d\u00e9terminer si votre navigateur accepte les cookies. Il ne contient pas de donn\u00e9es personnelles et sera supprim\u00e9 automatiquement \u00e0 la fermeture de votre navigateur.<br>Lorsque vous vous connecterez, nous mettrons en place un certain nombre de cookies pour enregistrer vos informations de connexion et vos pr\u00e9f\u00e9rences d\u2019\u00e9cran. La dur\u00e9e de vie d\u2019un cookie de connexion est de deux jours, celle d\u2019un cookie d\u2019option d\u2019\u00e9cran est d\u2019un an. Si vous cochez \u00ab Se souvenir de moi \u00bb, votre cookie de connexion sera conserv\u00e9 pendant deux semaines. Si vous vous d\u00e9connectez de votre compte, le cookie de connexion sera effac\u00e9.<br>En modifiant ou en publiant un article, un cookie suppl\u00e9mentaire sera enregistr\u00e9 dans votre navigateur. Ce cookie ne comprend aucune donn\u00e9e personnelle. Il indique simplement l\u2019identifiant de l\u2019article que vous venez de modifier. Il expire au bout d\u2019un jour.<br>Contenu embarqu\u00e9 depuis d\u2019autres sites<br>Les articles de ce site peuvent inclure des contenus int\u00e9gr\u00e9s (par exemple des vid\u00e9os, images, articles\u2026). Le contenu int\u00e9gr\u00e9 depuis d\u2019autres sites se comporte de la m\u00eame mani\u00e8re que si le visiteur se rendait sur cet autre site.<br>Ces sites web pourraient collecter des donn\u00e9es sur vous, utiliser des cookies, embarquer des outils de suivis tiers, suivre vos interactions avec ces contenus embarqu\u00e9s si vous disposez d\u2019un compte connect\u00e9 sur leur site web.<br>Utilisation et transmission de vos donn\u00e9es personnelles<br>Dur\u00e9es de stockage de vos donn\u00e9es<br>Si vous laissez un commentaire, le commentaire et ses m\u00e9tadonn\u00e9es sont conserv\u00e9s ind\u00e9finiment. Cela permet de reconna\u00eetre et approuver automatiquement les commentaires suivants au lieu de les laisser dans la file de mod\u00e9ration.<br>Pour les utilisateurs et utilisatrices qui s\u2019enregistrent sur notre site (si cela est possible), nous stockons \u00e9galement les donn\u00e9es personnelles indiqu\u00e9es dans leur profil. Tous les utilisateurs et utilisatrices peuvent voir, modifier ou supprimer leurs informations personnelles \u00e0 tout moment (\u00e0 l\u2019exception de leur nom d\u2019utilisateur\u00b7ice). Les gestionnaires du site peuvent aussi voir et modifier ces informations.<br>Les droits que vous avez sur vos donn\u00e9es<br>Si vous avez un compte ou si vous avez laiss\u00e9 des commentaires sur le site, vous pouvez demander \u00e0 recevoir un fichier contenant toutes les donn\u00e9es personnelles que nous poss\u00e9dons \u00e0 votre sujet, incluant celles que vous nous avez fournies. Vous pouvez \u00e9galement demander la suppression des donn\u00e9es personnelles vous concernant. Cela ne prend pas en compte les donn\u00e9es stock\u00e9es \u00e0 des fins administratives, l\u00e9gales ou pour des raisons de s\u00e9curit\u00e9.<br>Transmission de vos donn\u00e9es personnelles<br>Les commentaires des visiteurs peuvent \u00eatre v\u00e9rifi\u00e9s \u00e0 l\u2019aide d\u2019un service automatis\u00e9 de d\u00e9tection des commentaires ind\u00e9sirables.<\/p>\n","protected":false},"excerpt":{"rendered":"<p>Qui sommes-nous&nbsp;? L\u2019adresse de notre site est&nbsp;: http:\/\/ciamporcero-avocat.fr. Cookies Si vous remplissez un formulaire sur notre site, il vous sera propos\u00e9 d\u2019enregistrer votre nom, adresse e-mail et site dans des cookies. C\u2019est uniquement pour votre confort afin de ne pas avoir \u00e0 saisir ces informations si vous d\u00e9posez un autre commentaire plus tard. Ces cookies &hellip;<\/p>\n<p class=\"read-more\"> <a class=\"\" href=\"https:\/\/ciamporcero-avocat.fr\/index.php\/politique-de-confidentialite\/\"> <span class=\"screen-reader-text\">Politique de confidentialit\u00e9<\/span> Read More &raquo;<\/a><\/p>\n","protected":false},"author":1,"featured_media":0,"parent":0,"menu_order":0,"comment_status":"closed","ping_status":"open","template":"","meta":{"_uag_custom_page_level_css":"","site-sidebar-layout":"default","site-content-layout":"","ast-site-content-layout":"default","site-content-style":"default","site-sidebar-style":"default","ast-global-header-display":"","ast-banner-title-visibility":"","ast-main-header-display":"","ast-hfb-above-header-display":"","ast-hfb-below-header-display":"","ast-hfb-mobile-header-display":"","site-post-title":"","ast-breadcrumbs-content":"","ast-featured-img":"","footer-sml-layout":"","theme-transparent-header-meta":"","adv-header-id-meta":"","stick-header-meta":"","header-above-stick-meta":"","header-main-stick-meta":"","header-below-stick-meta":"","astra-migrate-meta-layouts":"set","ast-page-background-enabled":"default","ast-page-background-meta":{"desktop":{"background-color":"var(--ast-global-color-4)","background-image":"","background-repeat":"repeat","background-position":"center center","background-size":"auto","background-attachment":"scroll","background-type":"","background-media":"","overlay-type":"","overlay-color":"","overlay-gradient":""},"tablet":{"background-color":"","background-image":"","background-repeat":"repeat","background-position":"center center","background-size":"auto","background-attachment":"scroll","background-type":"","background-media":"","overlay-type":"","overlay-color":"","overlay-gradient":""},"mobile":{"background-color":"","background-image":"","background-repeat":"repeat","background-position":"center center","background-size":"auto","background-attachment":"scroll","background-type":"","background-media":"","overlay-type":"","overlay-color":"","overlay-gradient":""}},"ast-content-background-meta":{"desktop":{"background-color":"var(--ast-global-color-5)","background-image":"","background-repeat":"repeat","background-position":"center center","background-size":"auto","background-attachment":"scroll","background-type":"","background-media":"","overlay-type":"","overlay-color":"","overlay-gradient":""},"tablet":{"background-color":"var(--ast-global-color-5)","background-image":"","background-repeat":"repeat","background-position":"center center","background-size":"auto","background-attachment":"scroll","background-type":"","background-media":"","overlay-type":"","overlay-color":"","overlay-gradient":""},"mobile":{"background-color":"var(--ast-global-color-5)","background-image":"","background-repeat":"repeat","background-position":"center center","background-size":"auto","background-attachment":"scroll","background-type":"","background-media":"","overlay-type":"","overlay-color":"","overlay-gradient":""}},"footnotes":""},"class_list":["post-3","page","type-page","status-publish","hentry"],"uagb_featured_image_src":{"full":false,"thumbnail":false,"medium":false,"medium_large":false,"large":false,"1536x1536":false,"2048x2048":false},"uagb_author_info":{"display_name":"admin6545","author_link":"https:\/\/ciamporcero-avocat.fr\/index.php\/author\/admin6545\/"},"uagb_comment_info":0,"uagb_excerpt":"Qui sommes-nous&nbsp;? L\u2019adresse de notre site est&nbsp;: http:\/\/ciamporcero-avocat.fr. Cookies Si vous remplissez un formulaire sur notre site, il vous sera propos\u00e9 d\u2019enregistrer votre nom, adresse e-mail et site dans des cookies. C\u2019est uniquement pour votre confort afin de ne pas avoir \u00e0 saisir ces informations si vous d\u00e9posez un autre commentaire plus tard. Ces cookies&hellip;","_links":{"self":[{"href":"https:\/\/ciamporcero-avocat.fr\/index.php\/wp-json\/wp\/v2\/pages\/3","targetHints":{"allow":["GET"]}}],"collection":[{"href":"https:\/\/ciamporcero-avocat.fr\/index.php\/wp-json\/wp\/v2\/pages"}],"about":[{"href":"https:\/\/ciamporcero-avocat.fr\/index.php\/wp-json\/wp\/v2\/types\/page"}],"author":[{"embeddable":true,"href":"https:\/\/ciamporcero-avocat.fr\/index.php\/wp-json\/wp\/v2\/users\/1"}],"replies":[{"embeddable":true,"href":"https:\/\/ciamporcero-avocat.fr\/index.php\/wp-json\/wp\/v2\/comments?post=3"}],"version-history":[{"count":2,"href":"https:\/\/ciamporcero-avocat.fr\/index.php\/wp-json\/wp\/v2\/pages\/3\/revisions"}],"predecessor-version":[{"id":1619,"href":"https:\/\/ciamporcero-avocat.fr\/index.php\/wp-json\/wp\/v2\/pages\/3\/revisions\/1619"}],"wp:attachment":[{"href":"https:\/\/ciamporcero-avocat.fr\/index.php\/wp-json\/wp\/v2\/media?parent=3"}],"curies":[{"name":"wp","href":"https:\/\/api.w.org\/{rel}","templated":true}]}}