{"id":1554,"date":"2023-12-13T16:35:46","date_gmt":"2023-12-13T15:35:46","guid":{"rendered":"https:\/\/ciamporcero-avocat.fr\/?page_id=1554"},"modified":"2025-08-23T20:57:11","modified_gmt":"2025-08-23T18:57:11","slug":"demande-de-rdv","status":"publish","type":"page","link":"https:\/\/ciamporcero-avocat.fr\/index.php\/demande-de-rdv\/","title":{"rendered":"Demander un RDV"},"content":{"rendered":"\n<p>Pour une demande de consultation rapide :<\/p>\n\n\n\n<a class='avocat-consultingwidget ' href='https:\/\/consultation.avocat.fr\/avocat-41143-b73d.html' data-widget-id='ea9ed7d9e50ded4a9a84'>Consulter mon profil Avocat.fr<\/a><script>!function(d,s,id){var js,fjs=d.getElementsByTagName(s)[0];if(!d.getElementById(id)){js=d.createElement(s);js.id=id;js.src='https:\/\/consultation.avocat.fr\/js\/consultingwidget.js';fjs.parentNode.insertBefore(js,fjs);}}(document,'script','avocat-widget');<\/script>\n\n\n\n<p><\/p>\n\n\n\n<p><\/p>\n\n\n\n<p><\/p>\n\n\n\n<p><strong>Pour toute demande plus pr\u00e9cise, merci de compl\u00e9ter le formulaire ci &#8211; dessous :<\/strong><\/p>\n\n\n<div class=\"wpforms-container wpforms-block wpforms-block-bdd8e24d-78a8-4e20-b6b6-5fce5529dec3\" id=\"wpforms-1544\"><form id=\"wpforms-form-1544\" class=\"wpforms-validate wpforms-form wpforms-ajax-form\" data-formid=\"1544\" method=\"post\" enctype=\"multipart\/form-data\" action=\"\/index.php\/wp-json\/wp\/v2\/pages\/1554\" data-token=\"f533c79f0660541bd69396d05206afff\"><noscript class=\"wpforms-error-noscript\">Please enable JavaScript in your browser to complete this form.<\/noscript><div class=\"wpforms-field-container\"><div id=\"wpforms-1544-field_0-container\" class=\"wpforms-field wpforms-field-name\" data-field-id=\"0\"><label class=\"wpforms-field-label\" for=\"wpforms-1544-field_0\">Identit\u00e9 <span class=\"wpforms-required-label\">*<\/span><\/label><div class=\"wpforms-field-row wpforms-field-medium\"><div class=\"wpforms-field-row-block wpforms-first wpforms-one-half\"><input type=\"text\" id=\"wpforms-1544-field_0\" class=\"wpforms-field-name-first wpforms-field-required\" name=\"wpforms[fields][0][first]\" required><label for=\"wpforms-1544-field_0\" class=\"wpforms-field-sublabel after \">First<\/label><\/div><div class=\"wpforms-field-row-block wpforms-one-half\"><input type=\"text\" id=\"wpforms-1544-field_0-last\" class=\"wpforms-field-name-last wpforms-field-required\" name=\"wpforms[fields][0][last]\" required><label for=\"wpforms-1544-field_0-last\" class=\"wpforms-field-sublabel after \">Last<\/label><\/div><\/div><\/div><div id=\"wpforms-1544-field_1-container\" class=\"wpforms-field wpforms-field-email\" data-field-id=\"1\"><label class=\"wpforms-field-label\" for=\"wpforms-1544-field_1\">E-mail <span class=\"wpforms-required-label\">*<\/span><\/label><input type=\"email\" id=\"wpforms-1544-field_1\" class=\"wpforms-field-medium wpforms-field-required\" name=\"wpforms[fields][1]\" spellcheck=\"false\" required><\/div><div id=\"wpforms-1544-field_8-container\" class=\"wpforms-field wpforms-field-text\" data-field-id=\"8\"><label class=\"wpforms-field-label\" for=\"wpforms-1544-field_8\">T\u00e9l\u00e9phone <span class=\"wpforms-required-label\">*<\/span><\/label><input type=\"text\" id=\"wpforms-1544-field_8\" class=\"wpforms-field-medium wpforms-field-required\" name=\"wpforms[fields][8]\" required><\/div><div id=\"wpforms-1544-field_3-container\" class=\"wpforms-field wpforms-field-select wpforms-field-select-style-classic\" data-field-id=\"3\"><label class=\"wpforms-field-label\" for=\"wpforms-1544-field_3\">Vous \u00eates : <span class=\"wpforms-required-label\">*<\/span><\/label><select id=\"wpforms-1544-field_3\" class=\"wpforms-field-medium wpforms-field-required\" name=\"wpforms[fields][3]\" required=\"required\"><option value=\"Un salari\u00e9\" >Un salari\u00e9<\/option><option value=\"Un employeur\" >Un employeur<\/option><\/select><\/div><div id=\"wpforms-1544-field_4-container\" class=\"wpforms-field wpforms-field-select wpforms-field-select-style-classic\" data-field-id=\"4\"><label class=\"wpforms-field-label\" for=\"wpforms-1544-field_4\">Votre demande concerne : <span class=\"wpforms-required-label\">*<\/span><\/label><select id=\"wpforms-1544-field_4\" class=\"wpforms-field-medium wpforms-field-required\" name=\"wpforms[fields][4]\" required=\"required\"><option value=\"Le Droit du travail\" >Le Droit du travail<\/option><option value=\"Le Droit de la s\u00e9curit\u00e9 sociale\" >Le Droit de la s\u00e9curit\u00e9 sociale<\/option><option value=\"Autres\" >Autres<\/option><\/select><\/div><div id=\"wpforms-1544-field_7-container\" class=\"wpforms-field wpforms-field-radio\" data-field-id=\"7\"><label class=\"wpforms-field-label\" for=\"wpforms-1544-field_7\">Vos cr\u00e9neaux de disponibilit\u00e9 sont : <span class=\"wpforms-required-label\">*<\/span><\/label><ul id=\"wpforms-1544-field_7\" class=\"wpforms-field-required\"><li class=\"choice-1 depth-1\"><input type=\"radio\" id=\"wpforms-1544-field_7_1\" name=\"wpforms[fields][7]\" value=\"Le matin\" required ><label class=\"wpforms-field-label-inline\" for=\"wpforms-1544-field_7_1\">Le matin<\/label><\/li><li class=\"choice-2 depth-1\"><input type=\"radio\" id=\"wpforms-1544-field_7_2\" name=\"wpforms[fields][7]\" value=\"Entre 12h et 14h\" required ><label class=\"wpforms-field-label-inline\" for=\"wpforms-1544-field_7_2\">Entre 12h et 14h<\/label><\/li><li class=\"choice-3 depth-1\"><input type=\"radio\" id=\"wpforms-1544-field_7_3\" name=\"wpforms[fields][7]\" value=\"L&#039;apr\u00e8s-midi\" required ><label class=\"wpforms-field-label-inline\" for=\"wpforms-1544-field_7_3\">L&#8217;apr\u00e8s-midi<\/label><\/li><\/ul><\/div><div id=\"wpforms-1544-field_2-container\" class=\"wpforms-field wpforms-field-textarea\" data-field-id=\"2\"><label class=\"wpforms-field-label\" for=\"wpforms-1544-field_2\">Commentaire ou message<\/label><textarea id=\"wpforms-1544-field_2\" class=\"wpforms-field-medium\" name=\"wpforms[fields][2]\" ><\/textarea><\/div><div id=\"wpforms-1544-field_5-container\" class=\"wpforms-field wpforms-field-checkbox\" data-field-id=\"5\"><label class=\"wpforms-field-label\" for=\"wpforms-1544-field_5\">Consentement \/ Validation <span class=\"wpforms-required-label\">*<\/span><\/label><ul id=\"wpforms-1544-field_5\" class=\"wpforms-field-required\"><li class=\"choice-1 depth-1\"><input type=\"checkbox\" id=\"wpforms-1544-field_5_1\" name=\"wpforms[fields][5][]\" value=\"J&#039;accepte d&#039;\u00eatre recontact\u00e9 aux coordonn\u00e9es indiqu\u00e9es\" required ><label class=\"wpforms-field-label-inline\" for=\"wpforms-1544-field_5_1\">J&#8217;accepte d&#8217;\u00eatre recontact\u00e9 aux coordonn\u00e9es indiqu\u00e9es<\/label><\/li><li class=\"choice-2 depth-1\"><input type=\"checkbox\" id=\"wpforms-1544-field_5_2\" name=\"wpforms[fields][5][]\" value=\"J&#039;ai conscience que tout RDV fera l&#039;objet d&#039;une confirmation \u00e9crite par l&#039;avocat\" required ><label class=\"wpforms-field-label-inline\" for=\"wpforms-1544-field_5_2\">J&#8217;ai conscience que tout RDV fera l&#8217;objet d&#8217;une confirmation \u00e9crite par l&#8217;avocat<\/label><\/li><\/ul><\/div><\/div><!-- .wpforms-field-container --><div class=\"wpforms-submit-container\" ><input type=\"hidden\" name=\"wpforms[id]\" value=\"1544\"><input type=\"hidden\" name=\"wpforms[author]\" value=\"1\"><button type=\"submit\" name=\"wpforms[submit]\" id=\"wpforms-submit-1544\" class=\"wpforms-submit\" data-alt-text=\"Envoi...\" data-submit-text=\"Envoyer\" aria-live=\"assertive\" value=\"wpforms-submit\">Envoyer<\/button><img loading=\"lazy\" decoding=\"async\" src=\"https:\/\/ciamporcero-avocat.fr\/wp-content\/plugins\/wpforms-lite\/assets\/images\/submit-spin.svg\" class=\"wpforms-submit-spinner\" style=\"display: none;\" width=\"26\" height=\"26\" alt=\"Loading\"><\/div><\/form><\/div>  <!-- .wpforms-container -->\n\n\n<div class=\"wp-block-uagb-container uagb-block-7fb7acca alignfull uagb-is-root-container\"><div class=\"uagb-container-inner-blocks-wrap\">\n<div class=\"wp-block-uagb-container uagb-block-6d9b2d26\"><\/div>\n<\/div><\/div>\n","protected":false},"excerpt":{"rendered":"<p>Pour une demande de consultation rapide : Consulter mon profil Avocat.fr Pour toute demande plus pr\u00e9cise, merci de compl\u00e9ter le formulaire ci &#8211; dessous :<\/p>\n","protected":false},"author":1,"featured_media":1589,"parent":0,"menu_order":0,"comment_status":"closed","ping_status":"closed","template":"","meta":{"_uag_custom_page_level_css":"","site-sidebar-layout":"default","site-content-layout":"","ast-site-content-layout":"default","site-content-style":"default","site-sidebar-style":"default","ast-global-header-display":"","ast-banner-title-visibility":"","ast-main-header-display":"","ast-hfb-above-header-display":"","ast-hfb-below-header-display":"","ast-hfb-mobile-header-display":"","site-post-title":"","ast-breadcrumbs-content":"","ast-featured-img":"disabled","footer-sml-layout":"","theme-transparent-header-meta":"","adv-header-id-meta":"","stick-header-meta":"","header-above-stick-meta":"","header-main-stick-meta":"","header-below-stick-meta":"","astra-migrate-meta-layouts":"set","ast-page-background-enabled":"default","ast-page-background-meta":{"desktop":{"background-color":"var(--ast-global-color-4)","background-image":"","background-repeat":"repeat","background-position":"center center","background-size":"auto","background-attachment":"scroll","background-type":"","background-media":"","overlay-type":"","overlay-color":"","overlay-gradient":""},"tablet":{"background-color":"","background-image":"","background-repeat":"repeat","background-position":"center center","background-size":"auto","background-attachment":"scroll","background-type":"","background-media":"","overlay-type":"","overlay-color":"","overlay-gradient":""},"mobile":{"background-color":"","background-image":"","background-repeat":"repeat","background-position":"center center","background-size":"auto","background-attachment":"scroll","background-type":"","background-media":"","overlay-type":"","overlay-color":"","overlay-gradient":""}},"ast-content-background-meta":{"desktop":{"background-color":"var(--ast-global-color-5)","background-image":"","background-repeat":"repeat","background-position":"center center","background-size":"auto","background-attachment":"scroll","background-type":"","background-media":"","overlay-type":"","overlay-color":"","overlay-gradient":""},"tablet":{"background-color":"var(--ast-global-color-5)","background-image":"","background-repeat":"repeat","background-position":"center center","background-size":"auto","background-attachment":"scroll","background-type":"","background-media":"","overlay-type":"","overlay-color":"","overlay-gradient":""},"mobile":{"background-color":"var(--ast-global-color-5)","background-image":"","background-repeat":"repeat","background-position":"center center","background-size":"auto","background-attachment":"scroll","background-type":"","background-media":"","overlay-type":"","overlay-color":"","overlay-gradient":""}},"footnotes":""},"class_list":["post-1554","page","type-page","status-publish","has-post-thumbnail","hentry"],"uagb_featured_image_src":{"full":["https:\/\/ciamporcero-avocat.fr\/wp-content\/uploads\/2023\/12\/apple-calendar-desk-1867752.jpg",1280,854,false],"thumbnail":["https:\/\/ciamporcero-avocat.fr\/wp-content\/uploads\/2023\/12\/apple-calendar-desk-1867752-150x150.jpg",150,150,true],"medium":["https:\/\/ciamporcero-avocat.fr\/wp-content\/uploads\/2023\/12\/apple-calendar-desk-1867752-300x200.jpg",300,200,true],"medium_large":["https:\/\/ciamporcero-avocat.fr\/wp-content\/uploads\/2023\/12\/apple-calendar-desk-1867752-768x512.jpg",768,512,true],"large":["https:\/\/ciamporcero-avocat.fr\/wp-content\/uploads\/2023\/12\/apple-calendar-desk-1867752-1024x683.jpg",1024,683,true],"1536x1536":["https:\/\/ciamporcero-avocat.fr\/wp-content\/uploads\/2023\/12\/apple-calendar-desk-1867752.jpg",1280,854,false],"2048x2048":["https:\/\/ciamporcero-avocat.fr\/wp-content\/uploads\/2023\/12\/apple-calendar-desk-1867752.jpg",1280,854,false]},"uagb_author_info":{"display_name":"admin6545","author_link":"https:\/\/ciamporcero-avocat.fr\/index.php\/author\/admin6545\/"},"uagb_comment_info":0,"uagb_excerpt":"Pour une demande de consultation rapide : Consulter mon profil Avocat.fr Pour toute demande plus pr\u00e9cise, merci de compl\u00e9ter le formulaire ci &#8211; dessous :","_links":{"self":[{"href":"https:\/\/ciamporcero-avocat.fr\/index.php\/wp-json\/wp\/v2\/pages\/1554","targetHints":{"allow":["GET"]}}],"collection":[{"href":"https:\/\/ciamporcero-avocat.fr\/index.php\/wp-json\/wp\/v2\/pages"}],"about":[{"href":"https:\/\/ciamporcero-avocat.fr\/index.php\/wp-json\/wp\/v2\/types\/page"}],"author":[{"embeddable":true,"href":"https:\/\/ciamporcero-avocat.fr\/index.php\/wp-json\/wp\/v2\/users\/1"}],"replies":[{"embeddable":true,"href":"https:\/\/ciamporcero-avocat.fr\/index.php\/wp-json\/wp\/v2\/comments?post=1554"}],"version-history":[{"count":8,"href":"https:\/\/ciamporcero-avocat.fr\/index.php\/wp-json\/wp\/v2\/pages\/1554\/revisions"}],"predecessor-version":[{"id":1613,"href":"https:\/\/ciamporcero-avocat.fr\/index.php\/wp-json\/wp\/v2\/pages\/1554\/revisions\/1613"}],"wp:featuredmedia":[{"embeddable":true,"href":"https:\/\/ciamporcero-avocat.fr\/index.php\/wp-json\/wp\/v2\/media\/1589"}],"wp:attachment":[{"href":"https:\/\/ciamporcero-avocat.fr\/index.php\/wp-json\/wp\/v2\/media?parent=1554"}],"curies":[{"name":"wp","href":"https:\/\/api.w.org\/{rel}","templated":true}]}}